{"id":293,"date":"2017-07-28T20:23:41","date_gmt":"2017-07-28T20:23:41","guid":{"rendered":"http:\/\/withlove.maksimum.ee\/?page_id=293\/"},"modified":"2024-10-28T19:28:43","modified_gmt":"2024-10-28T19:28:43","slug":"kontakt","status":"publish","type":"page","link":"https:\/\/withlove.maksimum.ee\/et\/kontakt\/","title":{"rendered":"Kontakt"},"content":{"rendered":"<p><strong>Minu t\u00f6\u00f6tuba &#8211; With Love From Nataly.<\/strong> Loon hingega tekstiilitooteid Teie pisip\u00f5nnide voodidele: voodi \u00e4\u00e4rekaitseid, lapitekke, pehmeid t\u00e4hti, hubaseid pesasid, voodipesu ja pehmeid m\u00e4nguasju. Teie lastele armastusega!<\/p>\n<p>Kirjutage e-postile\u00a0<a href=\"mailto:bracia@mail.ru\">bracia@mail.ru<\/a>\u00a0v\u00f5i helistage\u00a0<a href=\"tel:+37253487375\">+37253487375<\/a>.<\/p>\n<p>Leiate mind sotsiaalmeedia kanalites:<\/p>\n<ul>\n<li>Facebook &#8211;\u00a0<a href=\"https:\/\/www.facebook.com\/WithLoveFromNataly\/\" target=\"_blank\" rel=\"noopener noreferrer\">WithLoveFromNataly<\/a><\/li>\n<li>Instagram &#8211; <a href=\"https:\/\/www.instagram.com\/with_love_from_nataly\/\" target=\"_blank\" rel=\"noopener noreferrer\">with_love_from_nataly<\/a><\/li>\n<\/ul>\n","protected":false},"excerpt":{"rendered":"<p>Minu t\u00f6\u00f6tuba &#8211; With Love From Nataly. Loon hingega tekstiilitooteid Teie pisip\u00f5nnide voodidele: voodi \u00e4\u00e4rekaitseid, lapitekke, pehmeid t\u00e4hti, hubaseid pesasid, voodipesu ja pehmeid m\u00e4nguasju. Teie lastele armastusega! Kirjutage e-postile\u00a0bracia@mail.ru\u00a0v\u00f5i helistage\u00a0+37253487375. Leiate mind sotsiaalmeedia kanalites: Facebook &#8211;\u00a0WithLoveFromNataly Instagram &#8211; with_love_from_nataly<\/p>\n","protected":false},"author":1,"featured_media":0,"parent":0,"menu_order":1,"comment_status":"closed","ping_status":"closed","template":"page-contact.php","meta":{"_acf_changed":false,"footnotes":""},"class_list":["post-293","page","type-page","status-publish","hentry"],"acf":[],"_links":{"self":[{"href":"https:\/\/withlove.maksimum.ee\/et\/wp-json\/wp\/v2\/pages\/293","targetHints":{"allow":["GET"]}}],"collection":[{"href":"https:\/\/withlove.maksimum.ee\/et\/wp-json\/wp\/v2\/pages"}],"about":[{"href":"https:\/\/withlove.maksimum.ee\/et\/wp-json\/wp\/v2\/types\/page"}],"author":[{"embeddable":true,"href":"https:\/\/withlove.maksimum.ee\/et\/wp-json\/wp\/v2\/users\/1"}],"replies":[{"embeddable":true,"href":"https:\/\/withlove.maksimum.ee\/et\/wp-json\/wp\/v2\/comments?post=293"}],"version-history":[{"count":5,"href":"https:\/\/withlove.maksimum.ee\/et\/wp-json\/wp\/v2\/pages\/293\/revisions"}],"predecessor-version":[{"id":641,"href":"https:\/\/withlove.maksimum.ee\/et\/wp-json\/wp\/v2\/pages\/293\/revisions\/641"}],"wp:attachment":[{"href":"https:\/\/withlove.maksimum.ee\/et\/wp-json\/wp\/v2\/media?parent=293"}],"curies":[{"name":"wp","href":"https:\/\/api.w.org\/{rel}","templated":true}]}}