{"id":288,"date":"2017-07-28T13:09:16","date_gmt":"2017-07-28T13:09:16","guid":{"rendered":"http:\/\/withlove.maksimum.ee\/?page_id=288"},"modified":"2017-08-16T07:11:32","modified_gmt":"2017-08-16T07:11:32","slug":"korduma-kippuvad-kusimused","status":"publish","type":"page","link":"https:\/\/withlove.maksimum.ee\/et\/korduma-kippuvad-kusimused\/","title":{"rendered":"Korduma kippuvad k\u00fcsimused"},"content":{"rendered":"<div class=\"hrf-faq-list\"><article class=\"hrf-entry\" id=\"hrf-entry-420\">\n                      <h3 class=\"hrf-title close-faq\" data-content-id=\"hrf-content-420\"><span><\/span>Kas on v\u00f5imalik tellimust tagastada, kui see mingil p\u00f5hjusel ei sobi v\u00f5i ei meeldi?<\/h3>\n                     <div class=\"hrf-content\" id=\"hrf-content-420\"><p>Selline v\u00f5imalus kahjuks puudub, kuid ma v\u00f5tan alati kuulda Teie m\u00e4rkusi ja v\u00f5imalusel lahendan probleemi.<\/p>\n<\/div>\n                  <\/article><article class=\"hrf-entry\" id=\"hrf-entry-421\">\n                      <h3 class=\"hrf-title close-faq\" data-content-id=\"hrf-content-421\"><span><\/span>Kuidas toimub tellimuse tarne, kui ma elan v\u00e4lismaal?<\/h3>\n                     <div class=\"hrf-content\" id=\"hrf-content-421\"><p>Tarne L\u00e4tti ja Leetu on v\u00f5imalik Omniva pakiautomaatide kaudu, Soome \u2013 Itella Smartposti kaudu. Teistesse riikidesse postijaoskonna kaudu.<\/p>\n<\/div>\n                  <\/article><article class=\"hrf-entry\" id=\"hrf-entry-424\">\n                      <h3 class=\"hrf-title close-faq\" data-content-id=\"hrf-content-424\"><span><\/span>Kuidas toimub tarne?<\/h3>\n                     <div class=\"hrf-content\" id=\"hrf-content-424\"><p>Tellimuste tarne toimub Itella Smartposti v\u00f5i Omniva pakiautomaatide kaudu k\u00f5ikidesse linnadesse.<\/p>\n<\/div>\n                  <\/article><article class=\"hrf-entry\" id=\"hrf-entry-425\">\n                      <h3 class=\"hrf-title close-faq\" data-content-id=\"hrf-content-425\"><span><\/span>Kuidas ma saan teada, et minu tellimus on valmis?<\/h3>\n                     <div class=\"hrf-content\" id=\"hrf-content-425\"><p>Kohe p\u00e4rast Teie tellimuse valmimist ma saadan Teile pilti sellest.<\/p>\n<\/div>\n                  <\/article><article class=\"hrf-entry\" id=\"hrf-entry-426\">\n                      <h3 class=\"hrf-title close-faq\" data-content-id=\"hrf-content-426\"><span><\/span>Kuidas valitakse kangaid?<\/h3>\n                     <div class=\"hrf-content\" id=\"hrf-content-426\"><p>Kangaste valik toimub l\u00e4htudes kliendi v\u00e4rvieelistustest. Kangaste olemasolu korral saab \u00f5mmelda varem tehtu t\u00e4pse koopia v\u00f5i luua uus ese.<\/p>\n<\/div>\n                  <\/article><article class=\"hrf-entry\" id=\"hrf-entry-427\">\n                      <h3 class=\"hrf-title close-faq\" data-content-id=\"hrf-content-427\"><span><\/span>Mis on tellimuse valmimise t\u00e4htaeg?<\/h3>\n                     <div class=\"hrf-content\" id=\"hrf-content-427\"><p>Tellimuse valmimise t\u00e4htaeg v\u00f5ib olla kuni 2 kuud, s\u00f5ltuvalt t\u00f6\u00f6 keerukusest.<br \/>\nKuid ma p\u00fc\u00fcan vastu v\u00f5tma ka kiirtellimusi, mille eest tuleb tasuda lisatasu 10% tellimuse maksumusest, minimaalselt 5 EUR.<\/p>\n<\/div>\n                  <\/article><article class=\"hrf-entry\" id=\"hrf-entry-428\">\n                      <h3 class=\"hrf-title close-faq\" data-content-id=\"hrf-content-428\"><span><\/span>Milliseid kangaid kasutatakse?<\/h3>\n                     <div class=\"hrf-content\" id=\"hrf-content-428\"><p>Toodete valmimisel kasutatakse 100% puuvillast kangast. T\u00e4idiseks on s\u00fcntepon ja h\u00fcpoallergeenne hollowfiber.<\/p>\n<\/div>\n                  <\/article><\/div>\n","protected":false},"excerpt":{"rendered":"","protected":false},"author":1,"featured_media":0,"parent":0,"menu_order":4,"comment_status":"closed","ping_status":"closed","template":"page-faq.php","meta":{"_acf_changed":false,"footnotes":""},"class_list":["post-288","page","type-page","status-publish","hentry","cat-id-21"],"acf":[],"_links":{"self":[{"href":"https:\/\/withlove.maksimum.ee\/et\/wp-json\/wp\/v2\/pages\/288","targetHints":{"allow":["GET"]}}],"collection":[{"href":"https:\/\/withlove.maksimum.ee\/et\/wp-json\/wp\/v2\/pages"}],"about":[{"href":"https:\/\/withlove.maksimum.ee\/et\/wp-json\/wp\/v2\/types\/page"}],"author":[{"embeddable":true,"href":"https:\/\/withlove.maksimum.ee\/et\/wp-json\/wp\/v2\/users\/1"}],"replies":[{"embeddable":true,"href":"https:\/\/withlove.maksimum.ee\/et\/wp-json\/wp\/v2\/comments?post=288"}],"version-history":[{"count":3,"href":"https:\/\/withlove.maksimum.ee\/et\/wp-json\/wp\/v2\/pages\/288\/revisions"}],"predecessor-version":[{"id":422,"href":"https:\/\/withlove.maksimum.ee\/et\/wp-json\/wp\/v2\/pages\/288\/revisions\/422"}],"wp:attachment":[{"href":"https:\/\/withlove.maksimum.ee\/et\/wp-json\/wp\/v2\/media?parent=288"}],"curies":[{"name":"wp","href":"https:\/\/api.w.org\/{rel}","templated":true}]}}